{"id":71,"date":"2016-06-20T16:08:22","date_gmt":"2016-06-20T19:08:22","guid":{"rendered":"http:\/\/www.ideaas.org.br\/?page_id=71"},"modified":"2018-05-30T13:30:52","modified_gmt":"2018-05-30T16:30:52","slug":"premios","status":"publish","type":"page","link":"https:\/\/www.ideaas.org.br\/?page_id=71","title":{"rendered":"Pr\u00eamios"},"content":{"rendered":"<p style=\"text-align: justify;\">O IDEAAS, ao longo de suas atividades institucionais, tem recebido uma s\u00e9rie de pr\u00eamios e distin\u00e7\u00f5es. Entre eles destacam-se:<\/p>\n<p style=\"text-align: justify;\">\n<h4 style=\"text-align: justify;\">2014<\/h4>\n<p style=\"text-align: justify;\">IDEAS Energy Innovation Contest IDB Inter-American Development Bank.<\/p>\n<p style=\"text-align: justify;\">\n<h4 style=\"text-align: justify;\">2012<\/h4>\n<p style=\"text-align: justify;\">&#8220;Award of Excellence&#8221; &#8211; Clean Energy Program.<\/p>\n<p style=\"text-align: justify;\">\n<h4 style=\"text-align: justify;\">2008<\/h4>\n<p style=\"text-align: justify;\">Pr\u00eamio &#8220;ITA\u00da ECOMUDAN\u00c7AS&#8221;, para o projeto &#8220;Farol do Sol&#8221;, solenidade realizada em S\u00e3o Paulo, projeto este que apresenta solu\u00e7\u00f5es inovadoras para a pesca artesanal de camar\u00e3o em S\u00e3o Jos\u00e9 do Norte com a mudan\u00e7a da matriz energ\u00e9tica para o uso de energias renov\u00e1veis.<\/p>\n<p style=\"text-align: justify;\">\n<h4 style=\"text-align: justify;\">2008<\/h4>\n<p style=\"text-align: justify;\">Pr\u00eamio &#8220;FIES &#8211; Fundo Ita\u00fa de Excel\u00eancia Social&#8221; para o projeto &#8220;Alegrias Renov\u00e1veis&#8221;, projeto realizado no Centro de Aprendizado em Energias Renov\u00e1veis e Meio Ambiente, S\u00e3o Paulo\/Brasil.<\/p>\n<p style=\"text-align: justify;\">\n<h4 style=\"text-align: justify;\">2008<\/h4>\n<p style=\"text-align: justify;\">International Award \u201cTHE LEAPFROG FUND AWARD\u201d. Schwab Foundation for Social Entrepreneurship (Gen\u00e8ve, Sz) and The Lemelson Foundation (Portland, USA).<\/p>\n<p style=\"text-align: justify;\">\n<h4 style=\"text-align: justify;\">2006<\/h4>\n<p style=\"text-align: justify;\">International Award \u201cTHE LEAPFROG FUND AWARD\u2019. Schwab Foundation for Social Entrepreneurship (Gen\u00e8ve, Sz) and The Lemelson Foundation (Portland, USA).<\/p>\n<p style=\"text-align: justify;\">\n<h4 style=\"text-align: justify;\">2004<\/h4>\n<p style=\"text-align: justify;\">International Award \u201cFAST 50 AWARD\u201d. Fast Company Magazine, USA.<\/p>\n<p style=\"text-align: justify;\">www.fastcompany.com\/fast50_04\/winners;www.fastcompany.com\/fast50_04\/rosa.html<\/p>\n<p style=\"text-align: justify;\">\n<h4 style=\"text-align: justify;\">2004<\/h4>\n<p style=\"text-align: justify;\">International Award \u201cTHE WORLD TECHNOLOGY AWARD \u2013 Social Entrepreneur Category\u201d. \u00a0The World Technology Network. San Francisco, CA, USA.<\/p>\n<p style=\"text-align: justify;\">www.wtn.net<\/p>\n<p style=\"text-align: justify;\">\n<h4 style=\"text-align: justify;\">2002<\/h4>\n<p style=\"text-align: justify;\">International Award \u201cOUTSTANDING SOCIAL ENTREPREUNER\u201d.\u00a0 The Schwab Foundation for Social Entrepreunership\u201d (Gen\u00e8ve, Sz).\u00a0 World Economic Forum 2002, New York, USA.<\/p>\n<p style=\"text-align: justify;\">\n<h4 style=\"text-align: justify;\">2001<\/h4>\n<p style=\"text-align: justify;\">Pr\u00eamio \u201cPERSONALIDADE DA TECNOLOGIA 2001\u201d pela Sociedade de Engenharia do Estado de S\u00e3o Paulo, Brasil.<\/p>\n<p style=\"text-align: justify;\">\n<h4 style=\"text-align: justify;\">2001<\/h4>\n<p style=\"text-align: justify;\">\u201cAWARD OF APPRECIATION\u201d. Embassy of United States of America\/ United States\u00a0\u00a0 Agency for International Development \u2013 USAID\/Energy Program. Bras\u00edlia, Brasil.<\/p>\n<p style=\"text-align: justify;\">\n<h4 style=\"text-align: justify;\">2001<\/h4>\n<p style=\"text-align: justify;\">\u201cTHE TECH MUSEUM OF INNOVATION AWARDS \u2013 ECONOMIC DEVELOPMENT CATEGORY WINNER\u201d.\u00a0 The Tech Museum of Innovations, Center for Science, Technology &amp; Society; Santa Clara University, CA &amp; The United Nations University, \u201cThe Milenium Project.\u201d. California State, United States of America.<\/p>\n<p style=\"text-align: justify;\">www.forbes.com\/specialsections\/techmuseumawards\/credit_suise.html<\/p>\n<p style=\"text-align: justify;\">\n<h4 style=\"text-align: justify;\">2000<\/h4>\n<p style=\"text-align: justify;\">\u201cSOCIAL ENTREPRENEURSHIP PRIZE 2000 \u2013 ASHOKA \/ McKinsey\u201d Innovative idea in Fundraising. S\u00e3o Paulo State, Brazil.<\/p>\n","protected":false},"excerpt":{"rendered":"<p>O IDEAAS, ao longo de suas atividades institucionais, tem recebido uma s\u00e9rie de pr\u00eamios e distin\u00e7\u00f5es. Entre eles destacam-se: 2014 IDEAS Energy Innovation Contest IDB Inter-American Development Bank. 2012 &#8220;Award of Excellence&#8221; &#8211; Clean Energy Program. 2008 Pr\u00eamio &#8220;ITA\u00da ECOMUDAN\u00c7AS&#8221;, para o projeto &#8220;Farol do Sol&#8221;, solenidade realizada em S\u00e3o Paulo, projeto este que apresenta [&hellip;]<\/p>\n","protected":false},"author":2,"featured_media":0,"parent":0,"menu_order":0,"comment_status":"closed","ping_status":"closed","template":"","meta":{"footnotes":""},"class_list":["post-71","page","type-page","status-publish","hentry"],"_links":{"self":[{"href":"https:\/\/www.ideaas.org.br\/index.php?rest_route=\/wp\/v2\/pages\/71","targetHints":{"allow":["GET"]}}],"collection":[{"href":"https:\/\/www.ideaas.org.br\/index.php?rest_route=\/wp\/v2\/pages"}],"about":[{"href":"https:\/\/www.ideaas.org.br\/index.php?rest_route=\/wp\/v2\/types\/page"}],"author":[{"embeddable":true,"href":"https:\/\/www.ideaas.org.br\/index.php?rest_route=\/wp\/v2\/users\/2"}],"replies":[{"embeddable":true,"href":"https:\/\/www.ideaas.org.br\/index.php?rest_route=%2Fwp%2Fv2%2Fcomments&post=71"}],"version-history":[{"count":4,"href":"https:\/\/www.ideaas.org.br\/index.php?rest_route=\/wp\/v2\/pages\/71\/revisions"}],"predecessor-version":[{"id":304,"href":"https:\/\/www.ideaas.org.br\/index.php?rest_route=\/wp\/v2\/pages\/71\/revisions\/304"}],"wp:attachment":[{"href":"https:\/\/www.ideaas.org.br\/index.php?rest_route=%2Fwp%2Fv2%2Fmedia&parent=71"}],"curies":[{"name":"wp","href":"https:\/\/api.w.org\/{rel}","templated":true}]}}