{"id":63,"date":"2016-06-20T14:57:37","date_gmt":"2016-06-20T17:57:37","guid":{"rendered":"http:\/\/www.ideaas.org.br\/?page_id=63"},"modified":"2018-05-30T15:38:57","modified_gmt":"2018-05-30T18:38:57","slug":"nacionais","status":"publish","type":"page","link":"https:\/\/www.ideaas.org.br\/?page_id=63","title":{"rendered":"Nacionais"},"content":{"rendered":"<p><a href=\"https:\/\/www.ideaas.org.br\/?page_id=262\">Luz Para uma Vida Melhor<\/a><\/p>\n<p><a href=\"https:\/\/www.ideaas.org.br\/?page_id=309\">Luz Agora na Amaz\u00f4nia<\/a><\/p>\n<p><a href=\"https:\/\/www.ideaas.org.br\/?page_id=311\">Irriga\u00e7\u00e3o Solar de Baixo Custo<\/a><\/p>\n<p><a href=\"https:\/\/www.ideaas.org.br\/?page_id=313\">Hospitais Solares<\/a><\/p>\n<p><a href=\"https:\/\/www.ideaas.org.br\/?page_id=315\">Farol do Sol<\/a><\/p>\n<p><a href=\"https:\/\/www.ideaas.org.br\/?page_id=317\">Projeto Pioneiro Ilha do Algod\u00e3o<\/a><\/p>\n<p><a href=\"https:\/\/www.ideaas.org.br\/?page_id=319\">Luz Agora<\/a><\/p>\n<p><a href=\"https:\/\/www.ideaas.org.br\/?page_id=321\">Projeto Qu\u00edron<\/a><\/p>\n","protected":false},"excerpt":{"rendered":"<p>Luz Para uma Vida Melhor Luz Agora na Amaz\u00f4nia Irriga\u00e7\u00e3o Solar de Baixo Custo Hospitais Solares Farol do Sol Projeto Pioneiro Ilha do Algod\u00e3o Luz Agora Projeto Qu\u00edron<\/p>\n","protected":false},"author":2,"featured_media":0,"parent":0,"menu_order":0,"comment_status":"closed","ping_status":"closed","template":"","meta":{"footnotes":""},"class_list":["post-63","page","type-page","status-publish","hentry"],"_links":{"self":[{"href":"https:\/\/www.ideaas.org.br\/index.php?rest_route=\/wp\/v2\/pages\/63","targetHints":{"allow":["GET"]}}],"collection":[{"href":"https:\/\/www.ideaas.org.br\/index.php?rest_route=\/wp\/v2\/pages"}],"about":[{"href":"https:\/\/www.ideaas.org.br\/index.php?rest_route=\/wp\/v2\/types\/page"}],"author":[{"embeddable":true,"href":"https:\/\/www.ideaas.org.br\/index.php?rest_route=\/wp\/v2\/users\/2"}],"replies":[{"embeddable":true,"href":"https:\/\/www.ideaas.org.br\/index.php?rest_route=%2Fwp%2Fv2%2Fcomments&post=63"}],"version-history":[{"count":16,"href":"https:\/\/www.ideaas.org.br\/index.php?rest_route=\/wp\/v2\/pages\/63\/revisions"}],"predecessor-version":[{"id":331,"href":"https:\/\/www.ideaas.org.br\/index.php?rest_route=\/wp\/v2\/pages\/63\/revisions\/331"}],"wp:attachment":[{"href":"https:\/\/www.ideaas.org.br\/index.php?rest_route=%2Fwp%2Fv2%2Fmedia&parent=63"}],"curies":[{"name":"wp","href":"https:\/\/api.w.org\/{rel}","templated":true}]}}