{"id":407,"date":"2018-09-04T22:40:29","date_gmt":"2018-09-05T01:40:29","guid":{"rendered":"http:\/\/www.ideaas.org.br\/?page_id=407"},"modified":"2019-05-14T11:28:18","modified_gmt":"2019-05-14T14:28:18","slug":"ilumine-sua-vida","status":"publish","type":"page","link":"https:\/\/www.ideaas.org.br\/?page_id=407","title":{"rendered":"Ilumine Sua Vida"},"content":{"rendered":"<p><strong><img loading=\"lazy\" decoding=\"async\" class=\"aligncenter wp-image-445 size-large\" src=\"https:\/\/www.ideaas.org.br\/wp-content\/uploads\/2019\/05\/Untitled_Panorama8527-1024x442.jpg\" alt=\"\" width=\"634\" height=\"274\" srcset=\"https:\/\/www.ideaas.org.br\/wp-content\/uploads\/2019\/05\/Untitled_Panorama8527-1024x442.jpg 1024w, https:\/\/www.ideaas.org.br\/wp-content\/uploads\/2019\/05\/Untitled_Panorama8527-300x130.jpg 300w, https:\/\/www.ideaas.org.br\/wp-content\/uploads\/2019\/05\/Untitled_Panorama8527-768x332.jpg 768w, https:\/\/www.ideaas.org.br\/wp-content\/uploads\/2019\/05\/Untitled_Panorama8527.jpg 1280w\" sizes=\"auto, (max-width: 634px) 100vw, 634px\" \/><\/strong><\/p>\n<p><strong>OBJETIVO<\/strong>: Incentivar o desenvolvimento cultural e esportivo por meio\u00a0da ilumina\u00e7\u00e3o sustent\u00e1vel de centros comunit\u00e1rios e da capacita\u00e7\u00e3o de treinadores em \u00e1reas de baixa renda.<\/p>\n<p><strong>ONDE<\/strong>: Brasil, Col\u00f4mbia, M\u00e9xico e Peru<\/p>\n<p><strong>FINANCIADORES<\/strong>: Philips Lighting e Banco Interamericano de Desenvolvimento (BID)<\/p>\n<p><strong>Ilumine sua Vida<\/strong> \u00e9 um programa que visa dar acesso a solu\u00e7\u00f5es de ilumina\u00e7\u00e3o sustent\u00e1veis, como LED e o LED Solar, a comunidades urbanas em \u00e1reas de baixa renda e comunidades rurais sem acesso \u00e0 energia. Promovido pela Philips em parceria com o Banco Interamericano de Desenvolvimento (BID) e coordenado pelo IDEAAS, o Ilumine sua Vida chegou a <strong>23 comunidades<\/strong> no Peru, M\u00e9xico, Brasil e Col\u00f4mbia.<\/p>\n<p><img loading=\"lazy\" decoding=\"async\" class=\"alignleft wp-image-448 size-medium\" src=\"https:\/\/www.ideaas.org.br\/wp-content\/uploads\/2019\/05\/bigote1-300x200.jpg\" alt=\"\" width=\"300\" height=\"200\" srcset=\"https:\/\/www.ideaas.org.br\/wp-content\/uploads\/2019\/05\/bigote1-300x200.jpg 300w, https:\/\/www.ideaas.org.br\/wp-content\/uploads\/2019\/05\/bigote1-768x512.jpg 768w, https:\/\/www.ideaas.org.br\/wp-content\/uploads\/2019\/05\/bigote1-1024x683.jpg 1024w, https:\/\/www.ideaas.org.br\/wp-content\/uploads\/2019\/05\/bigote1.jpg 2048w\" sizes=\"auto, (max-width: 300px) 100vw, 300px\" \/>O programa desenvolve-se junto aos governos, associa\u00e7\u00f5es comunit\u00e1rias e organiza\u00e7\u00f5es n\u00e3o governamentais locais para <strong>melhorar os espa\u00e7os p\u00fablicos, e assim, possibilitar a cria\u00e7\u00e3o de \u00e1reas comunit\u00e1rias iluminadas e multidisciplinares.<\/strong> S\u00e3o pra\u00e7as, vias, campinhos de futebol, anfiteatros, onde atividades recreativas e sociais podem tomar lugar. Por meio da ilumina\u00e7\u00e3o, essas comunidades tornam-se mais seguras e mais produtivas, enquanto o espa\u00e7o iluminado torna-se um centro de desenvolvimento local e intera\u00e7\u00e3o comunit\u00e1ria. Por meio das parcerias, s\u00e3o desenvolvidos planos de uso de cada espa\u00e7o, garantindo que o projeto ter\u00e1 impacto direto na sa\u00fade e bem-estar de jovens e adultos, promo\u00e7\u00e3o da gera\u00e7\u00e3o de renda e seguran\u00e7a.<\/p>\n<p>&nbsp;<\/p>\n<p><img loading=\"lazy\" decoding=\"async\" class=\"alignright wp-image-446 size-medium\" src=\"https:\/\/www.ideaas.org.br\/wp-content\/uploads\/2019\/05\/DSC_8943-300x199.jpg\" alt=\"\" width=\"300\" height=\"199\" srcset=\"https:\/\/www.ideaas.org.br\/wp-content\/uploads\/2019\/05\/DSC_8943-300x199.jpg 300w, https:\/\/www.ideaas.org.br\/wp-content\/uploads\/2019\/05\/DSC_8943-768x509.jpg 768w, https:\/\/www.ideaas.org.br\/wp-content\/uploads\/2019\/05\/DSC_8943-1024x678.jpg 1024w, https:\/\/www.ideaas.org.br\/wp-content\/uploads\/2019\/05\/DSC_8943.jpg 1774w\" sizes=\"auto, (max-width: 300px) 100vw, 300px\" \/>No Brasil, duas localidades na regi\u00e3o da Amaz\u00f4nia foram selecionadas e agora contam com ilumina\u00e7\u00e3o LED com energia solar: o campo\u00a0esportivo da E<strong>scola Agr\u00edcola Rainha dos Ap\u00f3stolos<\/strong>, em Manaus, e a via principal da comunidade ribeirinha Vila Nova Esperan\u00e7a, na <strong>Reserva de Desenvolvimento Sustent\u00e1vel Mamirau\u00e1<\/strong>. S\u00e3o locais sem acesso \u00e0 energia ou com energia prec\u00e1ria, onde a ilumina\u00e7\u00e3o tornou poss\u00edvel todo tipo de atividades que antes s\u00f3 aconteciam durante o dia: esportes, sa\u00fade, educa\u00e7\u00e3o, atividades sociais e comerciais. O programa beneficiar\u00e1 110 fam\u00edlias e 400 alunos diretamente. \u00a0Na America Latina, s\u00e3o<strong> mais de 30 mil pessoas<\/strong> diretamente impactadas pelo projeto.<\/p>\n<p>&nbsp;<\/p>\n<p><img loading=\"lazy\" decoding=\"async\" class=\"alignleft wp-image-451 size-medium\" src=\"https:\/\/www.ideaas.org.br\/wp-content\/uploads\/2019\/05\/wORLDCOACHES-300x204.jpg\" alt=\"\" width=\"300\" height=\"204\" srcset=\"https:\/\/www.ideaas.org.br\/wp-content\/uploads\/2019\/05\/wORLDCOACHES-300x204.jpg 300w, https:\/\/www.ideaas.org.br\/wp-content\/uploads\/2019\/05\/wORLDCOACHES-768x522.jpg 768w, https:\/\/www.ideaas.org.br\/wp-content\/uploads\/2019\/05\/wORLDCOACHES.jpg 893w\" sizes=\"auto, (max-width: 300px) 100vw, 300px\" \/>Em complementa\u00e7\u00e3o a infraestrutura, o <strong>Ilumine Sua Vida<\/strong> contou com o curso <strong>WorldCoaches,<\/strong> voltado a forma\u00e7\u00e3o de treinadores e treinadoras de esportes que trabalham com crian\u00e7as e adolescentes. O WorldCoaches aborda t\u00e9cnicas e metodologia de ensino dos esportes, mas tamb\u00e9m quest\u00f5es sociais como g\u00eanero, drogas e criminalidade e discute as dificuldades enfrentadas pelos professores em cada campo. O curso \u00e9 oferecido por ex jogadores da<strong> Federa\u00e7\u00e3o Holandesa de Futebol<\/strong> e busca contribuir para o desenvolvimento social de crian\u00e7as por meio do esporte e da figura do treinador como um modelo a seguir.\u00a0 Participaram do curso 30 professores que atuam nos campos selecionados pelo projeto nas regi\u00f5es de Lima, Cusco e da Amaz\u00f4nia no Peru e outros 30 no M\u00e9xico, dos Estados de Campeche e Baja California Sur.<\/p>\n<p>Para saber mais sobre o Ilumine Sua Vida na Am\u00e9rica Latina, assista aos v\u00eddeos:<\/p>\n<p>&nbsp;<\/p>\n<p><iframe loading=\"lazy\" src=\"https:\/\/www.youtube.com\/embed\/-kZFKBk8UvY\" width=\"560\" height=\"315\" frameborder=\"0\" allowfullscreen=\"allowfullscreen\"><\/iframe><\/p>\n<p>&nbsp;<\/p>\n<p><iframe loading=\"lazy\" src=\"https:\/\/www.youtube.com\/embed\/jLSdaIBr8IY\" width=\"560\" height=\"315\" frameborder=\"0\" allowfullscreen=\"allowfullscreen\"><\/iframe><\/p>\n<p>&nbsp;<\/p>\n<p><iframe loading=\"lazy\" style=\"border: none; overflow: hidden;\" src=\"https:\/\/www.facebook.com\/plugins\/video.php?href=https%3A%2F%2Fwww.facebook.com%2Fphilipslightingbrasil%2Fvideos%2F1333203273452198%2F&amp;show_text=0&amp;width=560\" width=\"560\" height=\"315\" frameborder=\"0\" scrolling=\"no\" allowfullscreen=\"allowfullscreen\"><\/iframe><\/p>\n","protected":false},"excerpt":{"rendered":"<p>OBJETIVO: Incentivar o desenvolvimento cultural e esportivo por meio\u00a0da ilumina\u00e7\u00e3o sustent\u00e1vel de centros comunit\u00e1rios e da capacita\u00e7\u00e3o de treinadores em \u00e1reas de baixa renda. ONDE: Brasil, Col\u00f4mbia, M\u00e9xico e Peru FINANCIADORES: Philips Lighting e Banco Interamericano de Desenvolvimento (BID) Ilumine sua Vida \u00e9 um programa que visa dar acesso a solu\u00e7\u00f5es de ilumina\u00e7\u00e3o sustent\u00e1veis, como [&hellip;]<\/p>\n","protected":false},"author":2,"featured_media":0,"parent":0,"menu_order":0,"comment_status":"closed","ping_status":"closed","template":"","meta":{"footnotes":""},"class_list":["post-407","page","type-page","status-publish","hentry"],"_links":{"self":[{"href":"https:\/\/www.ideaas.org.br\/index.php?rest_route=\/wp\/v2\/pages\/407","targetHints":{"allow":["GET"]}}],"collection":[{"href":"https:\/\/www.ideaas.org.br\/index.php?rest_route=\/wp\/v2\/pages"}],"about":[{"href":"https:\/\/www.ideaas.org.br\/index.php?rest_route=\/wp\/v2\/types\/page"}],"author":[{"embeddable":true,"href":"https:\/\/www.ideaas.org.br\/index.php?rest_route=\/wp\/v2\/users\/2"}],"replies":[{"embeddable":true,"href":"https:\/\/www.ideaas.org.br\/index.php?rest_route=%2Fwp%2Fv2%2Fcomments&post=407"}],"version-history":[{"count":4,"href":"https:\/\/www.ideaas.org.br\/index.php?rest_route=\/wp\/v2\/pages\/407\/revisions"}],"predecessor-version":[{"id":452,"href":"https:\/\/www.ideaas.org.br\/index.php?rest_route=\/wp\/v2\/pages\/407\/revisions\/452"}],"wp:attachment":[{"href":"https:\/\/www.ideaas.org.br\/index.php?rest_route=%2Fwp%2Fv2%2Fmedia&parent=407"}],"curies":[{"name":"wp","href":"https:\/\/api.w.org\/{rel}","templated":true}]}}