{"id":321,"date":"2018-05-30T13:45:41","date_gmt":"2018-05-30T16:45:41","guid":{"rendered":"http:\/\/www.ideaas.org.br\/?page_id=321"},"modified":"2018-05-30T13:45:41","modified_gmt":"2018-05-30T16:45:41","slug":"projeto-quiron","status":"publish","type":"page","link":"https:\/\/www.ideaas.org.br\/?page_id=321","title":{"rendered":"Projeto Qu\u00edron"},"content":{"rendered":"<p>Este projeto altamente inovador para o meio rural visa compatibilizar gera\u00e7\u00e3o de renda e respeito ao meio ambiente.<\/p>\n<p>Com base em a\u00e7\u00f5es de desenvolvimento sustent\u00e1vel, melhoria de qualidade de vida, respeito a paisagem e conserva\u00e7\u00e3o ambiental o projeto QU\u00cdRON oferece alternativas de gera\u00e7\u00e3o de renda vi\u00e1veis, especialmente adequadas as mais diversas regi\u00f5es, respeitando os aspectos das culturas regionais e aperfei\u00e7oando os seus processos produtivos.<\/p>\n<p>Os componentes do projeto s\u00e3o:<\/p>\n<p>a) Uso de energia renov\u00e1vel para gera\u00e7\u00e3o de renda;<\/p>\n<p>b) Melhoria de qualidade de vida no meio rural;<\/p>\n<p>c) Respeito ao meio ambiente atrav\u00e9s de processos produtivos sustent\u00e1veis.<\/p>\n<p>O projeto QU\u00cdRON vale-se de uma caracter\u00edstica inovadora que \u00e9 a utiliza\u00e7\u00e3o de esp\u00e9cies nativas para os processos produtivos de silvicultura e reflorestamento. Com essa integra\u00e7\u00e3o das esp\u00e9cies nativas aos processos produtivos temos a oportunidade de retir\u00e1-las das listas de risco ou processos de extin\u00e7\u00e3o e garantir a sua perpetuidade com respeito econ\u00f4mico e ambiental. Tamb\u00e9m pode-se fazer a reconstitui\u00e7\u00e3o da paisagem atrav\u00e9s da recupera\u00e7\u00e3o de \u00e1reas de preserva\u00e7\u00e3o permanente e \u00e1reas degradadas integradas aos processos produtivos.<\/p>\n<p>Pode-se obter dentro deste projeto madeiras nobres para os mais variados fins como movelaria, constru\u00e7\u00e3o civil e outros. Busca tamb\u00e9m a restaura\u00e7\u00e3o ambiental e florestal de \u00e1reas degradadas e conserva\u00e7\u00e3o de biodiversidade.<\/p>\n<p>Al\u00e9m das atividades de silvicultura o projeto QU\u00cdRON tamb\u00e9m oferece oportunidades como o manejo dos campos naturais para produ\u00e7\u00e3o pastoril atrav\u00e9s de pastoreio rotativo racional com as mais diferentes esp\u00e9cies animais, fruticultura, horticultura.<\/p>\n<p>Os processos de desenvolvimento humano e social s\u00e3o uma consequ\u00eancia deste trabalho e surgem com resultados acess\u00f3rios do incremento na gera\u00e7\u00e3o de renda e melhoria da qualidade de vida dos seus benefici\u00e1rios.<\/p>\n","protected":false},"excerpt":{"rendered":"<p>Este projeto altamente inovador para o meio rural visa compatibilizar gera\u00e7\u00e3o de renda e respeito ao meio ambiente. Com base em a\u00e7\u00f5es de desenvolvimento sustent\u00e1vel, melhoria de qualidade de vida, respeito a paisagem e conserva\u00e7\u00e3o ambiental o projeto QU\u00cdRON oferece alternativas de gera\u00e7\u00e3o de renda vi\u00e1veis, especialmente adequadas as mais diversas regi\u00f5es, respeitando os aspectos [&hellip;]<\/p>\n","protected":false},"author":2,"featured_media":0,"parent":0,"menu_order":0,"comment_status":"closed","ping_status":"closed","template":"","meta":{"footnotes":""},"class_list":["post-321","page","type-page","status-publish","hentry"],"_links":{"self":[{"href":"https:\/\/www.ideaas.org.br\/index.php?rest_route=\/wp\/v2\/pages\/321","targetHints":{"allow":["GET"]}}],"collection":[{"href":"https:\/\/www.ideaas.org.br\/index.php?rest_route=\/wp\/v2\/pages"}],"about":[{"href":"https:\/\/www.ideaas.org.br\/index.php?rest_route=\/wp\/v2\/types\/page"}],"author":[{"embeddable":true,"href":"https:\/\/www.ideaas.org.br\/index.php?rest_route=\/wp\/v2\/users\/2"}],"replies":[{"embeddable":true,"href":"https:\/\/www.ideaas.org.br\/index.php?rest_route=%2Fwp%2Fv2%2Fcomments&post=321"}],"version-history":[{"count":1,"href":"https:\/\/www.ideaas.org.br\/index.php?rest_route=\/wp\/v2\/pages\/321\/revisions"}],"predecessor-version":[{"id":322,"href":"https:\/\/www.ideaas.org.br\/index.php?rest_route=\/wp\/v2\/pages\/321\/revisions\/322"}],"wp:attachment":[{"href":"https:\/\/www.ideaas.org.br\/index.php?rest_route=%2Fwp%2Fv2%2Fmedia&parent=321"}],"curies":[{"name":"wp","href":"https:\/\/api.w.org\/{rel}","templated":true}]}}