{"id":319,"date":"2018-05-30T13:45:16","date_gmt":"2018-05-30T16:45:16","guid":{"rendered":"http:\/\/www.ideaas.org.br\/?page_id=319"},"modified":"2018-05-30T13:45:16","modified_gmt":"2018-05-30T16:45:16","slug":"luz-agora","status":"publish","type":"page","link":"https:\/\/www.ideaas.org.br\/?page_id=319","title":{"rendered":"Luz Agora"},"content":{"rendered":"<p>Este projeto foi idealizado e desenvolvido pelo IDEAAS em 1999 para atender pequenos produtores em \u00e1reas remotas ou isoladas no sul do Brasil. Para isso, um plano de neg\u00f3cios extremamente inovador foi desenvolvido criando assim as condi\u00e7\u00f5es ideais para a substitui\u00e7\u00e3o da queima de combust\u00edveis f\u00f3sseis (g\u00e1s liquefeito de petr\u00f3leo, querosene, \u00f3leos em geral, etc.) pelo uso de energias renov\u00e1veis, no caso o solar fotovoltaico para o atendimento das necessidades dom\u00e9sticas nestas propriedades isoladas. Esta troca de matriz energ\u00e9tica proporciona ainda, al\u00e9m de um melhor atendimento das necessidades dom\u00e9sticas, economia nos gastos com energia.<\/p>\n<p>Este projeto inicialmente intitulado &#8220;O SOL BRILHA PARA TODOS&#8221; proporcionou em 2001 a instala\u00e7\u00e3o de 40 sistemas solares fotovoltaicos para 40 fam\u00edlias no munic\u00edpio de Encruzilhada do Sul, Rio Grande do Sul. Em 2003 o projeto passou a denominar-se &#8220;LUZ AGORA&#8221; e hoje conta com aproximadamente 200 instala\u00e7\u00f5es nos Estados do Rio Grande do Sul, Santa Catarina e Paran\u00e1.<\/p>\n<p>O projeto &#8220;LUZ AGORA&#8221; ainda \u00e9 um modelo inovador e com caracter\u00edsticas \u00fanicas no mundo para uso e acesso de energias renov\u00e1veis e recebe visitantes de diversas entidades nacionais e estrangeiras.<\/p>\n<p>Contamos tamb\u00e9m com trabalhos de &#8220;RESPONSABILIDADE SOCIAL CORPORATIVA&#8221; pois algumas empresas veem neste projeto uma oportunidade de melhorar a qualidade de vida de seus funcion\u00e1rios. O IDEAAS desenvolve hoje, dentro do projeto &#8220;LUZ AGORA&#8221; em parceria com a empresa AMBAR FLORESTAL de S\u00e3o Jos\u00e9 do Norte, o atendimento em \u00e1reas remotas para as instala\u00e7\u00f5es desta empresa atrav\u00e9s do uso da energia solar fotovoltaica e solar t\u00e9rmica,\u00a0 onde seus funcion\u00e1rios tem acesso a luz el\u00e9trica de \u00f3tima qualidade, energia para comunica\u00e7\u00e3o atrav\u00e9s de recarga de telefones celulares ou r\u00e1dios comunicadores, energia para pequenos microssistemas, televis\u00e3o e antena parab\u00f3lica, bombeamento de \u00e1gua o que lhes proporciona maior qualidade de vida e seguran\u00e7a na sa\u00fade e tamb\u00e9m aquecimento de \u00e1gua para uma melhor qualidade de higiene.<\/p>\n<p>Diante desse contexto, o IDEAAS n\u00e3o \u00e9 uma empresa e sim uma Organiza\u00e7\u00e3o N\u00e3o Governamental que busca criar modelos vi\u00e1veis para o uso de energias renov\u00e1veis, melhoria da qualidade de vida e respeito do meio ambiente.<\/p>\n","protected":false},"excerpt":{"rendered":"<p>Este projeto foi idealizado e desenvolvido pelo IDEAAS em 1999 para atender pequenos produtores em \u00e1reas remotas ou isoladas no sul do Brasil. Para isso, um plano de neg\u00f3cios extremamente inovador foi desenvolvido criando assim as condi\u00e7\u00f5es ideais para a substitui\u00e7\u00e3o da queima de combust\u00edveis f\u00f3sseis (g\u00e1s liquefeito de petr\u00f3leo, querosene, \u00f3leos em geral, etc.) [&hellip;]<\/p>\n","protected":false},"author":2,"featured_media":0,"parent":0,"menu_order":0,"comment_status":"closed","ping_status":"closed","template":"","meta":{"footnotes":""},"class_list":["post-319","page","type-page","status-publish","hentry"],"_links":{"self":[{"href":"https:\/\/www.ideaas.org.br\/index.php?rest_route=\/wp\/v2\/pages\/319","targetHints":{"allow":["GET"]}}],"collection":[{"href":"https:\/\/www.ideaas.org.br\/index.php?rest_route=\/wp\/v2\/pages"}],"about":[{"href":"https:\/\/www.ideaas.org.br\/index.php?rest_route=\/wp\/v2\/types\/page"}],"author":[{"embeddable":true,"href":"https:\/\/www.ideaas.org.br\/index.php?rest_route=\/wp\/v2\/users\/2"}],"replies":[{"embeddable":true,"href":"https:\/\/www.ideaas.org.br\/index.php?rest_route=%2Fwp%2Fv2%2Fcomments&post=319"}],"version-history":[{"count":1,"href":"https:\/\/www.ideaas.org.br\/index.php?rest_route=\/wp\/v2\/pages\/319\/revisions"}],"predecessor-version":[{"id":320,"href":"https:\/\/www.ideaas.org.br\/index.php?rest_route=\/wp\/v2\/pages\/319\/revisions\/320"}],"wp:attachment":[{"href":"https:\/\/www.ideaas.org.br\/index.php?rest_route=%2Fwp%2Fv2%2Fmedia&parent=319"}],"curies":[{"name":"wp","href":"https:\/\/api.w.org\/{rel}","templated":true}]}}