{"id":315,"date":"2018-05-30T13:40:11","date_gmt":"2018-05-30T16:40:11","guid":{"rendered":"http:\/\/www.ideaas.org.br\/?page_id=315"},"modified":"2018-05-30T13:40:11","modified_gmt":"2018-05-30T16:40:11","slug":"farol-do-sol","status":"publish","type":"page","link":"https:\/\/www.ideaas.org.br\/?page_id=315","title":{"rendered":"Farol do Sol"},"content":{"rendered":"<p>Este projeto, iniciado em 2007, tem como objetivos apresentar tecnologias desenvolvidas pela equipe do IDEAAS que v\u00e3o auxiliar comunidades, fam\u00edlias e pessoas que vivem da pesca artesanal de camar\u00e3o. Desenvolvido em parceria com a Col\u00f4nia de Pescadores Z2 de S\u00e3o Jos\u00e9 do Norte, este projeto j\u00e1 est\u00e1 impactando positivamente o meio ambiente e a gera\u00e7\u00e3o de renda das fam\u00edlias envolvidas.<\/p>\n<p>Atrav\u00e9s deste modelo inovador, tanto no aspecto tecnol\u00f3gico quanto no de modelo de neg\u00f3cio, o IDEAAS proporciona a substitui\u00e7\u00e3o da queima de combust\u00edveis f\u00f3sseis pelo uso de energia renov\u00e1vel, impactando positivamente o meio ambiente, melhorando a qualidade do trabalho e a qualidade de vida das fam\u00edlias benefici\u00e1rias.<\/p>\n<p>O &#8220;lampi\u00e3o solar&#8221; \u00e9 um equipamento que utiliza a energia coletada por pain\u00e9is solares fotovoltaicos, armazenando-a e distribuindo-a para as lumin\u00e1rias. Este equipamento \u00e9 instalado no local da pesca e funciona automaticamente acendendo e apagando as luzes que atraem o camar\u00e3o.<\/p>\n<p>Usar o &#8220;Lampi\u00e3o solar&#8221; significa eliminar integralmente o consumo do GLP (g\u00e1s liquefeito de petr\u00f3leo) utilizado atualmente nos processos da pesca artesanal de camar\u00e3o em todo o sul do Brasil, e assim tamb\u00e9m proteger a camada e oz\u00f4nio. Al\u00e9m disso, no m\u00e9dio prazo os &#8220;lampi\u00f5es solares&#8221; s\u00e3o uma alternativa economicamente vi\u00e1vel para o desenvolvimento desta atividade.<\/p>\n<p>Ainda, como forma de viabilizar a participa\u00e7\u00e3o em escala, o IDEAAS idealizou um fundo espec\u00edfico para atender as necessidades de aquisi\u00e7\u00e3o destes equipamentos pelas fam\u00edlias de pescadores.<\/p>\n<p>Este projeto tem potencial de redu\u00e7\u00e3o na queima de combust\u00edveis f\u00f3sseis impactando em torno de 40.800 toneladas de CO\u00b2 por ano e somente no per\u00edodo da safra apenas nas comunidades de Tavares, S\u00e3o Jos\u00e9 do Norte e Rio Grande, localizadas no extremo sul do Estado do Rio Grande do Sul, Brasil.<\/p>\n<p>Este projeto, al\u00e9m de melhorar as condi\u00e7\u00f5es de trabalho dos pescadores artesanais, garante ainda o incremento na gera\u00e7\u00e3o de renda das pessoas e comunidades assistidas.<\/p>\n<p>A realiza\u00e7\u00e3o deste projeto foi poss\u00edvel devido ao apoio da Funda\u00e7\u00e3o HSBC, e ao pr\u00eamio &#8220;ITA\u00da ECOMUDAN\u00c7AS&#8221; em 2008.<\/p>\n","protected":false},"excerpt":{"rendered":"<p>Este projeto, iniciado em 2007, tem como objetivos apresentar tecnologias desenvolvidas pela equipe do IDEAAS que v\u00e3o auxiliar comunidades, fam\u00edlias e pessoas que vivem da pesca artesanal de camar\u00e3o. Desenvolvido em parceria com a Col\u00f4nia de Pescadores Z2 de S\u00e3o Jos\u00e9 do Norte, este projeto j\u00e1 est\u00e1 impactando positivamente o meio ambiente e a gera\u00e7\u00e3o [&hellip;]<\/p>\n","protected":false},"author":2,"featured_media":0,"parent":0,"menu_order":0,"comment_status":"closed","ping_status":"closed","template":"","meta":{"footnotes":""},"class_list":["post-315","page","type-page","status-publish","hentry"],"_links":{"self":[{"href":"https:\/\/www.ideaas.org.br\/index.php?rest_route=\/wp\/v2\/pages\/315","targetHints":{"allow":["GET"]}}],"collection":[{"href":"https:\/\/www.ideaas.org.br\/index.php?rest_route=\/wp\/v2\/pages"}],"about":[{"href":"https:\/\/www.ideaas.org.br\/index.php?rest_route=\/wp\/v2\/types\/page"}],"author":[{"embeddable":true,"href":"https:\/\/www.ideaas.org.br\/index.php?rest_route=\/wp\/v2\/users\/2"}],"replies":[{"embeddable":true,"href":"https:\/\/www.ideaas.org.br\/index.php?rest_route=%2Fwp%2Fv2%2Fcomments&post=315"}],"version-history":[{"count":1,"href":"https:\/\/www.ideaas.org.br\/index.php?rest_route=\/wp\/v2\/pages\/315\/revisions"}],"predecessor-version":[{"id":316,"href":"https:\/\/www.ideaas.org.br\/index.php?rest_route=\/wp\/v2\/pages\/315\/revisions\/316"}],"wp:attachment":[{"href":"https:\/\/www.ideaas.org.br\/index.php?rest_route=%2Fwp%2Fv2%2Fmedia&parent=315"}],"curies":[{"name":"wp","href":"https:\/\/api.w.org\/{rel}","templated":true}]}}