{"id":313,"date":"2018-05-30T13:39:45","date_gmt":"2018-05-30T16:39:45","guid":{"rendered":"http:\/\/www.ideaas.org.br\/?page_id=313"},"modified":"2018-05-30T13:39:45","modified_gmt":"2018-05-30T16:39:45","slug":"hospitais-solares","status":"publish","type":"page","link":"https:\/\/www.ideaas.org.br\/?page_id=313","title":{"rendered":"Hospitais Solares"},"content":{"rendered":"<p>Este projeto leva a seguran\u00e7a el\u00e9trica para pequenos hospitais e centros de sa\u00fade localizados em \u00e1rea isoladas ou de instabilidade el\u00e9trica.<\/p>\n<p>Utiliza especialmente o solar fotovoltaico e solar t\u00e9rmico, alimentando um sistema totalmente aut\u00f4nomo e est\u00e1vel que garantir\u00e1 ilumina\u00e7\u00e3o para ambulat\u00f3rios, salas de atendimento e salas de cirurgia, refrigera\u00e7\u00e3o para vacinas, medicamentos e \u00e1gua quente.<\/p>\n<p>A seguran\u00e7a el\u00e9trica tamb\u00e9m \u00e9 a seguran\u00e7a de que as comunidades poder\u00e3o ser atendidas em seus momentos mais dif\u00edceis.<\/p>\n","protected":false},"excerpt":{"rendered":"<p>Este projeto leva a seguran\u00e7a el\u00e9trica para pequenos hospitais e centros de sa\u00fade localizados em \u00e1rea isoladas ou de instabilidade el\u00e9trica. Utiliza especialmente o solar fotovoltaico e solar t\u00e9rmico, alimentando um sistema totalmente aut\u00f4nomo e est\u00e1vel que garantir\u00e1 ilumina\u00e7\u00e3o para ambulat\u00f3rios, salas de atendimento e salas de cirurgia, refrigera\u00e7\u00e3o para vacinas, medicamentos e \u00e1gua quente. [&hellip;]<\/p>\n","protected":false},"author":2,"featured_media":0,"parent":0,"menu_order":0,"comment_status":"closed","ping_status":"closed","template":"","meta":{"footnotes":""},"class_list":["post-313","page","type-page","status-publish","hentry"],"_links":{"self":[{"href":"https:\/\/www.ideaas.org.br\/index.php?rest_route=\/wp\/v2\/pages\/313","targetHints":{"allow":["GET"]}}],"collection":[{"href":"https:\/\/www.ideaas.org.br\/index.php?rest_route=\/wp\/v2\/pages"}],"about":[{"href":"https:\/\/www.ideaas.org.br\/index.php?rest_route=\/wp\/v2\/types\/page"}],"author":[{"embeddable":true,"href":"https:\/\/www.ideaas.org.br\/index.php?rest_route=\/wp\/v2\/users\/2"}],"replies":[{"embeddable":true,"href":"https:\/\/www.ideaas.org.br\/index.php?rest_route=%2Fwp%2Fv2%2Fcomments&post=313"}],"version-history":[{"count":1,"href":"https:\/\/www.ideaas.org.br\/index.php?rest_route=\/wp\/v2\/pages\/313\/revisions"}],"predecessor-version":[{"id":314,"href":"https:\/\/www.ideaas.org.br\/index.php?rest_route=\/wp\/v2\/pages\/313\/revisions\/314"}],"wp:attachment":[{"href":"https:\/\/www.ideaas.org.br\/index.php?rest_route=%2Fwp%2Fv2%2Fmedia&parent=313"}],"curies":[{"name":"wp","href":"https:\/\/api.w.org\/{rel}","templated":true}]}}