{"id":311,"date":"2018-05-30T13:39:02","date_gmt":"2018-05-30T16:39:02","guid":{"rendered":"http:\/\/www.ideaas.org.br\/?page_id=311"},"modified":"2018-05-30T13:39:02","modified_gmt":"2018-05-30T16:39:02","slug":"irrigacao-solar-de-baixo-custo","status":"publish","type":"page","link":"https:\/\/www.ideaas.org.br\/?page_id=311","title":{"rendered":"Irriga\u00e7\u00e3o Solar de Baixo Custo"},"content":{"rendered":"<p>Este projeto foi desenvolvido para o atendimento das necessidades de regi\u00f5es do semi\u00e1rido do Brasil. Atrav\u00e9s destes estudos de aplicabilidade, este projeto pode ser utilizado e adaptado para beneficiar pessoas e comunidades em qualquer parte do planeta.<\/p>\n<p>\u00c9 um projeto que integra uso de tecnologia e solu\u00e7\u00f5es pr\u00e1ticas, criado e desenvolvido pela parceria de dois empreendedores sociais F\u00c1BIO ROSA &#8211; IDEAAS e CARLOS SIM\u00c3O &#8211; Pingo D\u2019\u00e1gua, ambos com larga experi\u00eancia tanto no uso de novas tecnologias, especialmente energias renov\u00e1veis e atendimento de pessoas e popula\u00e7\u00f5es isoladas em condi\u00e7\u00f5es de risco.<\/p>\n<p>O projeto est\u00e1 localizado em Quixeramobim, Estado do Cear\u00e1, na regi\u00e3o Nordeste do Brasil, uma das regi\u00f5es mais \u00e1ridas e pobres do planeta.<\/p>\n","protected":false},"excerpt":{"rendered":"<p>Este projeto foi desenvolvido para o atendimento das necessidades de regi\u00f5es do semi\u00e1rido do Brasil. Atrav\u00e9s destes estudos de aplicabilidade, este projeto pode ser utilizado e adaptado para beneficiar pessoas e comunidades em qualquer parte do planeta. \u00c9 um projeto que integra uso de tecnologia e solu\u00e7\u00f5es pr\u00e1ticas, criado e desenvolvido pela parceria de dois [&hellip;]<\/p>\n","protected":false},"author":2,"featured_media":0,"parent":0,"menu_order":0,"comment_status":"closed","ping_status":"closed","template":"","meta":{"footnotes":""},"class_list":["post-311","page","type-page","status-publish","hentry"],"_links":{"self":[{"href":"https:\/\/www.ideaas.org.br\/index.php?rest_route=\/wp\/v2\/pages\/311","targetHints":{"allow":["GET"]}}],"collection":[{"href":"https:\/\/www.ideaas.org.br\/index.php?rest_route=\/wp\/v2\/pages"}],"about":[{"href":"https:\/\/www.ideaas.org.br\/index.php?rest_route=\/wp\/v2\/types\/page"}],"author":[{"embeddable":true,"href":"https:\/\/www.ideaas.org.br\/index.php?rest_route=\/wp\/v2\/users\/2"}],"replies":[{"embeddable":true,"href":"https:\/\/www.ideaas.org.br\/index.php?rest_route=%2Fwp%2Fv2%2Fcomments&post=311"}],"version-history":[{"count":1,"href":"https:\/\/www.ideaas.org.br\/index.php?rest_route=\/wp\/v2\/pages\/311\/revisions"}],"predecessor-version":[{"id":312,"href":"https:\/\/www.ideaas.org.br\/index.php?rest_route=\/wp\/v2\/pages\/311\/revisions\/312"}],"wp:attachment":[{"href":"https:\/\/www.ideaas.org.br\/index.php?rest_route=%2Fwp%2Fv2%2Fmedia&parent=311"}],"curies":[{"name":"wp","href":"https:\/\/api.w.org\/{rel}","templated":true}]}}