{"id":262,"date":"2018-05-25T14:52:26","date_gmt":"2018-05-25T17:52:26","guid":{"rendered":"http:\/\/www.ideaas.org.br\/?page_id=262"},"modified":"2019-05-14T10:21:06","modified_gmt":"2019-05-14T13:21:06","slug":"luz-para-uma-vida-melhor","status":"publish","type":"page","link":"https:\/\/www.ideaas.org.br\/?page_id=262","title":{"rendered":"Luz para uma Vida Melhor"},"content":{"rendered":"<p><strong><img loading=\"lazy\" decoding=\"async\" class=\"aligncenter wp-image-186\" src=\"https:\/\/www.ideaas.org.br\/wp-content\/uploads\/2018\/04\/DSCN0623-1024x768.jpg\" alt=\"\" width=\"547\" height=\"411\" srcset=\"https:\/\/www.ideaas.org.br\/wp-content\/uploads\/2018\/04\/DSCN0623-1024x768.jpg 1024w, https:\/\/www.ideaas.org.br\/wp-content\/uploads\/2018\/04\/DSCN0623-300x225.jpg 300w, https:\/\/www.ideaas.org.br\/wp-content\/uploads\/2018\/04\/DSCN0623-768x576.jpg 768w\" sizes=\"auto, (max-width: 547px) 100vw, 547px\" \/>\u00a0 \u00a0\u00a0\u00a0<\/strong><\/p>\n<p><strong>OBJETIVO<\/strong>: Implementar um Cons\u00f3rcio para a mitiga\u00e7\u00e3o da exclus\u00e3o el\u00e9trica na Amaz\u00f4nia atrav\u00e9s de tecnologias de energia renov\u00e1vel e um modelo de neg\u00f3cio aut\u00f4nomo e sustent\u00e1vel.<\/p>\n<p><strong>ONDE<\/strong>: Ilhas de Bel\u00e9m e Maraj\u00f3 (Par\u00e1) e regi\u00e3o do M\u00e9dio Solim\u00f5es (Amazonas)<\/p>\n<p><strong>QUEM APOIA<\/strong>: C.S. Mott Foundation<\/p>\n<p><strong>PARCEIROS<\/strong>: Instituto Peabiru, Instituto de Desenvolvimento Sustent\u00e1vel Mamirau\u00e1<\/p>\n<p><strong>&#8220;Luz Para uma Vida Melhor&#8221; \u00e9 um projeto de acesso \u00e0 energia sustent\u00e1vel de baixo custo a comunidades na Amaz\u00f4nia que vivem sem acesso \u00e0 rede de distribui\u00e7\u00e3o de energia.<\/strong><\/p>\n<p><strong><img loading=\"lazy\" decoding=\"async\" class=\"alignright wp-image-383 size-medium\" src=\"https:\/\/www.ideaas.org.br\/wp-content\/uploads\/2018\/06\/DSCN0711-225x300.jpg\" alt=\"\" width=\"225\" height=\"300\" srcset=\"https:\/\/www.ideaas.org.br\/wp-content\/uploads\/2018\/06\/DSCN0711-225x300.jpg 225w, https:\/\/www.ideaas.org.br\/wp-content\/uploads\/2018\/06\/DSCN0711-768x1024.jpg 768w\" sizes=\"auto, (max-width: 225px) 100vw, 225px\" \/><\/strong><\/p>\n<p>O projeto introduz solu\u00e7\u00f5es tecnol\u00f3gicas para substituir fontes de energia n\u00e3o-renov\u00e1veis (\u00f3leo\u00a0diesel, querosene, pilhas, madeira de floresta nativa) por energias sustent\u00e1veis, e dar acesso \u00e0 novos servi\u00e7os, antes n\u00e3o vi\u00e1veis, por custos compat\u00edveis \u00e0 capacidade de pagamento dos usu\u00e1rios finais.<\/p>\n<p>Para que estes produtos sejam acess\u00edveis em comunidades isoladas e tenham sustentabilidade no longo prazo, o projeto desenvolve tamb\u00e9m o<strong> Arranjo Produtivo Local das Energias Renov\u00e1veis (APL)<\/strong>. \u00a0A constru\u00e7\u00e3o do APL torna as solu\u00e7\u00f5es e os servi\u00e7os dispon\u00edveis para comunidades isoladas, ao mesmo tempo em que envolve as pr\u00f3prias comunidades no Arranjo, por meio da cria\u00e7\u00e3o de capacidade local.<\/p>\n<p>O Luz para Uma Vida Melhor teve in\u00edcio em 2017 com o projeto piloto na comunidade Nossa Senhora da Concei\u00e7\u00e3o, na Ilha de Paquet\u00e1, Bel\u00e9m do Par\u00e1, em parceria com o Instituto Peabiru, a Universidade Federal do Par\u00e1, Arquidiocese de Bel\u00e9m e o Movimento de Mulheres das ilhas de Bel\u00e9m. \u00a0\u00a0O local foi escolhido em fun\u00e7\u00e3o de pesquisa realizada em 2014 pelo Instituto Peabiru, a partir de recomenda\u00e7\u00e3o do Movimento das Mulheres das Ilhas de Bel\u00e9m, apontando a situa\u00e7\u00e3o de exclus\u00e3o energ\u00e9tica desta comunidade.<\/p>\n<p><img loading=\"lazy\" decoding=\"async\" class=\"alignleft wp-image-267\" src=\"https:\/\/www.ideaas.org.br\/wp-content\/uploads\/2018\/05\/FOTO1-300x200.jpg\" alt=\"\" width=\"349\" height=\"233\" srcset=\"https:\/\/www.ideaas.org.br\/wp-content\/uploads\/2018\/05\/FOTO1-300x200.jpg 300w, https:\/\/www.ideaas.org.br\/wp-content\/uploads\/2018\/05\/FOTO1-768x512.jpg 768w, https:\/\/www.ideaas.org.br\/wp-content\/uploads\/2018\/05\/FOTO1-1024x682.jpg 1024w, https:\/\/www.ideaas.org.br\/wp-content\/uploads\/2018\/05\/FOTO1.jpg 1280w\" sizes=\"auto, (max-width: 349px) 100vw, 349px\" \/>A solu\u00e7\u00e3o tecnol\u00f3gica oferecida para atender \u00e0s principais necessidades deste local foi o <strong>Bakana Solar<\/strong>. Trata-se de uma solu\u00e7\u00e3o de f\u00e1cil e r\u00e1pida instala\u00e7\u00e3o (plug &amp; play), f\u00e1cil de usar, robusta, de f\u00e1cil manuten\u00e7\u00e3o e baixo custo mensal. \u00a0O <strong>kit Bakana Solar<\/strong> do IDEAAS \u00e9 resultado de duas d\u00e9cadas de pesquisa e desenvolvimento de solu\u00e7\u00f5es energ\u00e9ticas direcionadas para popula\u00e7\u00f5es rurais isoladas.<\/p>\n<p>Atualmente, os kits atendem a demanda por 1. ilumina\u00e7\u00e3o residencial, 2. carregador USB (para celular, smartphone, r\u00e1dio),\u00a0 3. l\u00e2mpada para espantar morcegos (acesa durante toda a noite) e 4. televis\u00e3o 14 polegadas. \u00a0S\u00e3o solu\u00e7\u00f5es simples e com alto impacto na qualidade de vida das fam\u00edlias, que atualmente chegam a gastar 25% da sua renda com energia, especialmente com \u00f3leo diesel.<\/p>\n<p>O Luz para uma Vida Melhor busca a maior autonomia poss\u00edvel nas comunidades. Para isso, o<strong> Arranjo Produtivo Local das energias renov\u00e1veis<\/strong> envolve tamb\u00e9m a assist\u00eancia \u00e0 organiza\u00e7\u00e3o comunit\u00e1ria para gest\u00e3o dos sistemas e cria\u00e7\u00e3o de um<strong> Fundo Comunit\u00e1rio de manuten\u00e7\u00e3o.<\/strong>\u00a0 O Fundo tem o objetivo de n\u00e3o sobrecarregar a renda familiar nos momentos de reparos, como a troca de bateria ap\u00f3s o fim da sua vida \u00fatil (aproximadamente 3 anos).<\/p>\n<p><img loading=\"lazy\" decoding=\"async\" class=\"alignright wp-image-266 size-medium\" src=\"https:\/\/www.ideaas.org.br\/wp-content\/uploads\/2018\/05\/FOTO2-200x300.jpg\" alt=\"\" width=\"200\" height=\"300\" \/>Com a implementa\u00e7\u00e3o do projeto na Comunidade Nossa Senhora da Concei\u00e7\u00e3o, iniciou-se a constru\u00e7\u00e3o do APL na regi\u00e3o, envolvendo o Movimento de Mulheres das Ilhas de Bel\u00e9m, a capacita\u00e7\u00e3o de agentes t\u00e9cnicos, curso de educa\u00e7\u00e3o paro uso aos comunit\u00e1rios e cria\u00e7\u00e3o de franquia social. Em julho de 2019, o projeto completa 2 anos. Os kits instalados est\u00e3o em pleno funcionamento e o APL continua se desenvolvendo e incluindo novos atores locais. Al\u00e9m disso, apresenta resultados positivos para a <strong>sa\u00fade, gera\u00e7\u00e3o de renda, educa\u00e7\u00e3o, autonomia das mulheres e qualidade de vida.<\/strong><\/p>\n<p>Em 2018, teve in\u00edcio a constru\u00e7\u00e3o do APL na regi\u00e3o do M\u00e9dio Solim\u00f5es em parceria com o Instituto de Desenvolvimento Sustent\u00e1vel Mamirau\u00e1. Em 2019, o projeto foi expandido para comunidades isoladas na Ilha do Maraj\u00f3, em parceria com o Instituto Peabiru.<\/p>\n<p>O <strong>Luz para uma Vida Melhor<\/strong> demonstra que \u00e9 poss\u00edvel atender \u00e0queles n\u00e3o contemplados pelas pol\u00edticas p\u00fablicas atuais. Apenas na Amaz\u00f4nia brasileira, h\u00e1 mais de 1 milh\u00e3o de fam\u00edlias no meio rural, principalmente de povos e comunidades tradicionais. A maioria sofre com o alto grau de exclus\u00e3o energ\u00e9tica. Isso tem graves consequ\u00eancias em suas vidas, em especial nos grupos mais vulner\u00e1veis, como crian\u00e7as, jovens e mulheres.<\/p>\n<p>Assista v\u00eddeo sobre o Programa.<\/p>\n<p><iframe loading=\"lazy\" src=\"https:\/\/www.youtube.com\/embed\/Av93thIkbEY?rel=0\" width=\"560\" height=\"315\" frameborder=\"0\" allowfullscreen=\"allowfullscreen\"><\/iframe><\/p>\n","protected":false},"excerpt":{"rendered":"<p>\u00a0 \u00a0\u00a0\u00a0 OBJETIVO: Implementar um Cons\u00f3rcio para a mitiga\u00e7\u00e3o da exclus\u00e3o el\u00e9trica na Amaz\u00f4nia atrav\u00e9s de tecnologias de energia renov\u00e1vel e um modelo de neg\u00f3cio aut\u00f4nomo e sustent\u00e1vel. ONDE: Ilhas de Bel\u00e9m e Maraj\u00f3 (Par\u00e1) e regi\u00e3o do M\u00e9dio Solim\u00f5es (Amazonas) QUEM APOIA: C.S. Mott Foundation PARCEIROS: Instituto Peabiru, Instituto de Desenvolvimento Sustent\u00e1vel Mamirau\u00e1 &#8220;Luz [&hellip;]<\/p>\n","protected":false},"author":2,"featured_media":0,"parent":0,"menu_order":0,"comment_status":"closed","ping_status":"closed","template":"","meta":{"footnotes":""},"class_list":["post-262","page","type-page","status-publish","hentry"],"_links":{"self":[{"href":"https:\/\/www.ideaas.org.br\/index.php?rest_route=\/wp\/v2\/pages\/262","targetHints":{"allow":["GET"]}}],"collection":[{"href":"https:\/\/www.ideaas.org.br\/index.php?rest_route=\/wp\/v2\/pages"}],"about":[{"href":"https:\/\/www.ideaas.org.br\/index.php?rest_route=\/wp\/v2\/types\/page"}],"author":[{"embeddable":true,"href":"https:\/\/www.ideaas.org.br\/index.php?rest_route=\/wp\/v2\/users\/2"}],"replies":[{"embeddable":true,"href":"https:\/\/www.ideaas.org.br\/index.php?rest_route=%2Fwp%2Fv2%2Fcomments&post=262"}],"version-history":[{"count":12,"href":"https:\/\/www.ideaas.org.br\/index.php?rest_route=\/wp\/v2\/pages\/262\/revisions"}],"predecessor-version":[{"id":441,"href":"https:\/\/www.ideaas.org.br\/index.php?rest_route=\/wp\/v2\/pages\/262\/revisions\/441"}],"wp:attachment":[{"href":"https:\/\/www.ideaas.org.br\/index.php?rest_route=%2Fwp%2Fv2%2Fmedia&parent=262"}],"curies":[{"name":"wp","href":"https:\/\/api.w.org\/{rel}","templated":true}]}}