{"id":260,"date":"2018-05-25T14:47:32","date_gmt":"2018-05-25T17:47:32","guid":{"rendered":"http:\/\/www.ideaas.org.br\/?page_id=260"},"modified":"2019-05-14T10:57:29","modified_gmt":"2019-05-14T13:57:29","slug":"projetos-3","status":"publish","type":"page","link":"https:\/\/www.ideaas.org.br\/?page_id=260","title":{"rendered":"PROJETOS"},"content":{"rendered":"<p style=\"text-align: justify;\">Os projetos do IDEAAS s\u00e3o direcionados \u00e0 solu\u00e7\u00e3o de quest\u00f5es energ\u00e9ticas e de suas consequ\u00eancias ambientais, sociais e econ\u00f4micas. O IDEAAS desenvolve e implementa modelos acesso \u00e0 energia com foco no desenvolvimento local e gera\u00e7\u00e3o de renda, de modo a garantir a sustentabilidade dos projetos no longo prazo. Os projetos abrangem o desenvolvimento de tecnologias, modelos de gera\u00e7\u00e3o de energia, modelos de neg\u00f3cio, amplia\u00e7\u00e3o do uso de energias sustent\u00e1veis, gera\u00e7\u00e3o descentralizada e inclus\u00e3o energ\u00e9tica das popula\u00e7\u00f5es isoladas e de baixa renda.<\/p>\n<p style=\"text-align: justify;\">Como diretrizes de implementa\u00e7\u00e3o, os projetos visam a contribui\u00e7\u00e3o para alcance dos <a href=\"https:\/\/www.ideaas.org.br\/?page_id=245\">Objetivos do Desenvolvimento Sustent\u00e1vel das Na\u00e7\u00f5es Unidas<\/a>, que s\u00e3o influenciados pelo acesso \u00e0 energia, como equidade de g\u00eanero, \u00e1gua limpa e saneamento, educa\u00e7\u00e3o de qualidade, entre outros.<\/p>\n<p style=\"text-align: justify;\">Conhe\u00e7a alguns dos projetos j\u00e1 implementados ou em andamento.<\/p>\n<ul>\n<li><a href=\"https:\/\/www.ideaas.org.br\/?page_id=262\">Luz Para uma Vida Melhor<\/a><\/li>\n<li><a href=\"https:\/\/www.ideaas.org.br\/?page_id=407\">Ilumine Sua Vida<\/a><a href=\"https:\/\/www.ideaas.org.br\/?page_id=407\"><img loading=\"lazy\" decoding=\"async\" class=\"alignright wp-image-365 size-medium\" src=\"https:\/\/www.ideaas.org.br\/wp-content\/uploads\/2018\/06\/AleSocci-GreenPixel_AMZ_2014-8407-300x200.jpg\" alt=\"\" width=\"300\" height=\"200\" srcset=\"https:\/\/www.ideaas.org.br\/wp-content\/uploads\/2018\/06\/AleSocci-GreenPixel_AMZ_2014-8407-300x200.jpg 300w, https:\/\/www.ideaas.org.br\/wp-content\/uploads\/2018\/06\/AleSocci-GreenPixel_AMZ_2014-8407-768x512.jpg 768w, https:\/\/www.ideaas.org.br\/wp-content\/uploads\/2018\/06\/AleSocci-GreenPixel_AMZ_2014-8407-1024x683.jpg 1024w\" sizes=\"auto, (max-width: 300px) 100vw, 300px\" \/><\/a><\/li>\n<li><a href=\"https:\/\/www.ideaas.org.br\/?page_id=319\">Luz Agora<\/a><\/li>\n<li><a href=\"https:\/\/www.ideaas.org.br\/?page_id=311\">Irriga\u00e7\u00e3o Solar de Baixo Custo<\/a><\/li>\n<li><a href=\"https:\/\/www.ideaas.org.br\/?page_id=313\">Hospitais Solares<\/a><\/li>\n<li><a href=\"https:\/\/www.ideaas.org.br\/?page_id=309\">Luz Agora na Amaz\u00f4nia<\/a><\/li>\n<li><a href=\"https:\/\/www.ideaas.org.br\/?page_id=315\">Farol do Sol<\/a><\/li>\n<li><a href=\"https:\/\/www.ideaas.org.br\/?page_id=321\">Projeto Quiron<\/a><\/li>\n<li><a href=\"https:\/\/www.ideaas.org.br\/?page_id=65\">Projetos Internacionais<\/a><\/li>\n<\/ul>\n<p>&nbsp;<\/p>\n","protected":false},"excerpt":{"rendered":"<p>Os projetos do IDEAAS s\u00e3o direcionados \u00e0 solu\u00e7\u00e3o de quest\u00f5es energ\u00e9ticas e de suas consequ\u00eancias ambientais, sociais e econ\u00f4micas. O IDEAAS desenvolve e implementa modelos acesso \u00e0 energia com foco no desenvolvimento local e gera\u00e7\u00e3o de renda, de modo a garantir a sustentabilidade dos projetos no longo prazo. Os projetos abrangem o desenvolvimento de tecnologias, [&hellip;]<\/p>\n","protected":false},"author":2,"featured_media":0,"parent":0,"menu_order":0,"comment_status":"closed","ping_status":"closed","template":"","meta":{"footnotes":""},"class_list":["post-260","page","type-page","status-publish","hentry"],"_links":{"self":[{"href":"https:\/\/www.ideaas.org.br\/index.php?rest_route=\/wp\/v2\/pages\/260","targetHints":{"allow":["GET"]}}],"collection":[{"href":"https:\/\/www.ideaas.org.br\/index.php?rest_route=\/wp\/v2\/pages"}],"about":[{"href":"https:\/\/www.ideaas.org.br\/index.php?rest_route=\/wp\/v2\/types\/page"}],"author":[{"embeddable":true,"href":"https:\/\/www.ideaas.org.br\/index.php?rest_route=\/wp\/v2\/users\/2"}],"replies":[{"embeddable":true,"href":"https:\/\/www.ideaas.org.br\/index.php?rest_route=%2Fwp%2Fv2%2Fcomments&post=260"}],"version-history":[{"count":5,"href":"https:\/\/www.ideaas.org.br\/index.php?rest_route=\/wp\/v2\/pages\/260\/revisions"}],"predecessor-version":[{"id":444,"href":"https:\/\/www.ideaas.org.br\/index.php?rest_route=\/wp\/v2\/pages\/260\/revisions\/444"}],"wp:attachment":[{"href":"https:\/\/www.ideaas.org.br\/index.php?rest_route=%2Fwp%2Fv2%2Fmedia&parent=260"}],"curies":[{"name":"wp","href":"https:\/\/api.w.org\/{rel}","templated":true}]}}