{"id":245,"date":"2018-05-24T15:04:21","date_gmt":"2018-05-24T18:04:21","guid":{"rendered":"http:\/\/www.ideaas.org.br\/?page_id=245"},"modified":"2018-05-30T13:28:52","modified_gmt":"2018-05-30T16:28:52","slug":"energias-sustentaveis","status":"publish","type":"page","link":"https:\/\/www.ideaas.org.br\/?page_id=245","title":{"rendered":"Energias Sustent\u00e1veis"},"content":{"rendered":"<p style=\"text-align: justify;\">As energias sustent\u00e1veis usam fontes mais limpas, como o sol, o vento ou os res\u00edduos s\u00f3lidos, para gerar energia el\u00e9trica. Contam com novas tecnologias e infra-estrutura, diferentes daquelas relacionadas ao uso de combust\u00edveis f\u00f3sseis (como querosene, diesel e gasolina), que s\u00e3o hoje a principal fonte de energia no mundo e tamb\u00e9m principal fonte de emiss\u00e3o de gases poluentes que contribuem para as mudan\u00e7as clim\u00e1ticas. Para ser considerada sustent\u00e1vel, as energias devem ser mais acess\u00edveis, confi\u00e1veis, modernas e limpas. Para isso, devem oferecer melhor efici\u00eancia energ\u00e9tica, ser menos poluentes, e considerar as caracter\u00edsticas \u00fanicas e necessidades de cada local.<\/p>\n<p style=\"text-align: justify;\">Em 2012, foi lan\u00e7ada a iniciativa global da ONU Energias Sustent\u00e1veis para Todos (Sustainable Energy for All SEE 4 ALL). A iniciativa tem como meta at\u00e9 2030:<br \/>\n1- Garantir um acesso universal a servi\u00e7os de energia modernos<br \/>\n2- Duplicar a taxa global de melhorias de efici\u00eancia energ\u00e9tica<br \/>\n3- Duplicar a partilha de energias renov\u00e1veis na combina\u00e7\u00e3o global energ\u00e9tica<\/p>\n<p style=\"text-align: justify;\">Posteriormente, a C\u00fapula das Na\u00e7\u00f5es Unidas para o Desenvolvimento Sustent\u00e1vel adotou 17 Objetivos do Desenvolvimento Sustent\u00e1vel, objetivos e metas para os pr\u00f3ximos 15 anos a partir de 2015. A agenda universal para o desenvolvimento sustent\u00e1vel deve orientar as a\u00e7\u00f5es, pol\u00edticas e investimentos dos pa\u00edses. Entre os 17 Objetivos e 169 metas, &#8220;Energia Acess\u00edvel e Limpa&#8221; est\u00e1 diretamente relacionada aos outros objetivos.<\/p>\n<p style=\"text-align: justify;\">Al\u00e9m disso, o Brasil assumiu em 2016, pelo Acordo de Paris, o compromisso de implantar a\u00e7\u00f5es e medidas em n\u00edveis nacionais e locais, para minimizar os efeitos das mudan\u00e7a clim\u00e1ticas. Ficou acordado que, no setor de energia, espera-se alcan\u00e7ar 45% de energias renov\u00e1veis at\u00e9 2030, incluindo a expans\u00e3o do uso dom\u00e9stico de fontes de energia n\u00e3o-f\u00f3sseis e aumentando a participa\u00e7\u00e3o de fontes renov\u00e1veis (al\u00e9m da energia hidrel\u00e9trica) para, pelo menos, 23% at\u00e9 2030, o que deve considerar energias e\u00f3lica, biomassa e solar.<\/p>\n<p style=\"text-align: justify;\">O acordo enfatiza a import\u00e2ncia de as a\u00e7\u00f5es serem baseadas e orientadas pelo melhor conhecimento cient\u00edfico dispon\u00edvel e, ainda, pelos conhecimentos tradicionais, al\u00e9m da necessidade de proteger e envolver grupos, comunidades e ecossistemas vulner\u00e1veis.<\/p>\n<p style=\"text-align: justify;\">A introdu\u00e7\u00e3o de tecnologias de energias sustent\u00e1veis soluciona a exclus\u00e3o energ\u00e9tica com que hoje ainda convivem milhares de pessoas &#8211; aproximadamente 2 milh\u00f5es no Brasil &#8211; com graves impactos em suas vidas, especialmente de grupos mais vulner\u00e1veis, crian\u00e7as, jovens e mulheres.<\/p>\n<p style=\"text-align: justify;\">Em regi\u00f5es isoladas, implementar novas energias envolve solu\u00e7\u00f5es ainda n\u00e3o enquadradas nas regulamenta\u00e7\u00f5es e rotinas tradicionais a n\u00edvel governamental e de pol\u00edticas p\u00fablicas &#8211; como a integra\u00e7\u00e3o de novas tecnologias, diversifica\u00e7\u00e3o de fontes de energia e desenvolvimento de novos modelos de neg\u00f3cios. Al\u00e9m disso, inova\u00e7\u00f5es tecnol\u00f3gicas em energia e a gera\u00e7\u00e3o descentralizada exigem a inclus\u00e3o de novos atores em seus processos.<\/p>\n<p style=\"text-align: justify;\">O IDEAAS trabalha para a amplia\u00e7\u00e3o do uso de energias sustent\u00e1veis e o alcance do acesso universal \u00e0 energia no Brasil com foco no desenvolvimento local.<\/p>\n<p style=\"text-align: justify;\"><img loading=\"lazy\" decoding=\"async\" class=\"size-large wp-image-246\" src=\"https:\/\/www.ideaas.org.br\/wp-content\/uploads\/2018\/05\/objetivos_port-1024x645.png\" alt=\"\" width=\"634\" height=\"399\" srcset=\"https:\/\/www.ideaas.org.br\/wp-content\/uploads\/2018\/05\/objetivos_port-1024x645.png 1024w, https:\/\/www.ideaas.org.br\/wp-content\/uploads\/2018\/05\/objetivos_port-300x189.png 300w, https:\/\/www.ideaas.org.br\/wp-content\/uploads\/2018\/05\/objetivos_port-768x484.png 768w, https:\/\/www.ideaas.org.br\/wp-content\/uploads\/2018\/05\/objetivos_port.png 1155w\" sizes=\"auto, (max-width: 634px) 100vw, 634px\" \/><\/p>\n","protected":false},"excerpt":{"rendered":"<p>As energias sustent\u00e1veis usam fontes mais limpas, como o sol, o vento ou os res\u00edduos s\u00f3lidos, para gerar energia el\u00e9trica. Contam com novas tecnologias e infra-estrutura, diferentes daquelas relacionadas ao uso de combust\u00edveis f\u00f3sseis (como querosene, diesel e gasolina), que s\u00e3o hoje a principal fonte de energia no mundo e tamb\u00e9m principal fonte de emiss\u00e3o [&hellip;]<\/p>\n","protected":false},"author":2,"featured_media":0,"parent":0,"menu_order":0,"comment_status":"closed","ping_status":"closed","template":"","meta":{"footnotes":""},"class_list":["post-245","page","type-page","status-publish","hentry"],"_links":{"self":[{"href":"https:\/\/www.ideaas.org.br\/index.php?rest_route=\/wp\/v2\/pages\/245","targetHints":{"allow":["GET"]}}],"collection":[{"href":"https:\/\/www.ideaas.org.br\/index.php?rest_route=\/wp\/v2\/pages"}],"about":[{"href":"https:\/\/www.ideaas.org.br\/index.php?rest_route=\/wp\/v2\/types\/page"}],"author":[{"embeddable":true,"href":"https:\/\/www.ideaas.org.br\/index.php?rest_route=\/wp\/v2\/users\/2"}],"replies":[{"embeddable":true,"href":"https:\/\/www.ideaas.org.br\/index.php?rest_route=%2Fwp%2Fv2%2Fcomments&post=245"}],"version-history":[{"count":3,"href":"https:\/\/www.ideaas.org.br\/index.php?rest_route=\/wp\/v2\/pages\/245\/revisions"}],"predecessor-version":[{"id":302,"href":"https:\/\/www.ideaas.org.br\/index.php?rest_route=\/wp\/v2\/pages\/245\/revisions\/302"}],"wp:attachment":[{"href":"https:\/\/www.ideaas.org.br\/index.php?rest_route=%2Fwp%2Fv2%2Fmedia&parent=245"}],"curies":[{"name":"wp","href":"https:\/\/api.w.org\/{rel}","templated":true}]}}