{"id":239,"date":"2018-05-24T14:57:19","date_gmt":"2018-05-24T17:57:19","guid":{"rendered":"http:\/\/www.ideaas.org.br\/?page_id=239"},"modified":"2020-01-08T17:36:26","modified_gmt":"2020-01-08T20:36:26","slug":"institucional","status":"publish","type":"page","link":"https:\/\/www.ideaas.org.br\/?page_id=239","title":{"rendered":"Sobre n\u00f3s"},"content":{"rendered":"<p style=\"text-align: justify;\">O IDEAAS \u00e9 uma organiza\u00e7\u00e3o n\u00e3o governamental sem fins lucrativos fundada em 1997 pelo empreendedor social Fabio Rosa. A ONG possui trabalhos reconhecidos nacional e internacionalmente no campo das energias renov\u00e1veis e empreendedorismo social. Atua com a cria\u00e7\u00e3o e desenvolvimento de modelos sustent\u00e1veis para o acesso e uso de energias renov\u00e1veis. S\u00e3o modelos de gera\u00e7\u00e3o descentralizada com foco na inclus\u00e3o energ\u00e9tica de popula\u00e7\u00f5es isoladas e que envolvem desde o desenvolvimento de tecnologias at\u00e9 o modelo de gest\u00e3o voltado \u00e0 sustentabilidade. Os modelos desenvolvidos pelo IDEAAS influenciaram pol\u00edticas p\u00fablicas brasileiras de acesso \u00e0 energia.<br \/>\nA organiza\u00e7\u00e3o recebeu in\u00fameros pr\u00eamios de empreendedorismo social, de uso de eletricidade, inova\u00e7\u00f5es t\u00e9cnicas em benef\u00edcio da humanidade e tecnologia. Conhe\u00e7a os <a href=\"https:\/\/www.ideaas.org.br\/?page_id=71\">pr\u00eamios<\/a>.<\/p>\n<h3 style=\"text-align: justify;\">Miss\u00e3o<\/h3>\n<p style=\"text-align: justify;\">Desenvolver modelos sustent\u00e1veis, com foco para o uso de energias renov\u00e1veis, gerando impactos diretos para popula\u00e7\u00f5es localizadas em \u00e1reas rurais ou isoladas.<\/p>\n<h3 style=\"text-align: justify;\">Objetivos<\/h3>\n<p style=\"text-align: justify;\">\u2022 Desenvolvimento Sustent\u00e1vel<br \/>\n\u2022 Mitiga\u00e7\u00e3o da exclus\u00e3o el\u00e9trica<br \/>\n\u2022 Inova\u00e7\u00e3o em Tecnologias Sociais e em Modelos de Neg\u00f3cios Sociais<br \/>\n\u2022 Capacita\u00e7\u00e3o para acesso \u00e0s energias renov\u00e1veis<br \/>\n\u2022 Inclus\u00e3o social e melhora produtiva<br \/>\n\u2022 Amplia\u00e7\u00e3o dos usos das energias renov\u00e1veis<br \/>\n\u2022 Preserva\u00e7\u00e3o Ambiental<br \/>\n\u2022 Alcance dos Objetivos para o Desenvolvimento Sustent\u00e1vel (Sustainable Development Goals \u2013 SDGs) das Na\u00e7\u00f5es Unidas.<\/p>\n<h3 style=\"text-align: justify;\">Atua\u00e7\u00e3o<\/h3>\n<p style=\"text-align: justify;\">\u2022 A institui\u00e7\u00e3o est\u00e1 voltada para as seguintes linhas de atua\u00e7\u00e3o:<br \/>\n\u2022 Modelos de neg\u00f3cios sociais<br \/>\n\u2022 Modelos de gest\u00e3o descentralizada<br \/>\n\u2022 Eletrifica\u00e7\u00e3o rural<br \/>\n\u2022 Energias renov\u00e1veis<br \/>\n\u2022 Gera\u00e7\u00e3o de renda<br \/>\n\u2022 Uso produtivo de energia<br \/>\n\u2022 Pol\u00edticas p\u00fablicas<br \/>\n\u2022 Tecnologias sociais<\/p>\n","protected":false},"excerpt":{"rendered":"<p>O IDEAAS \u00e9 uma organiza\u00e7\u00e3o n\u00e3o governamental sem fins lucrativos fundada em 1997 pelo empreendedor social Fabio Rosa. A ONG possui trabalhos reconhecidos nacional e internacionalmente no campo das energias renov\u00e1veis e empreendedorismo social. Atua com a cria\u00e7\u00e3o e desenvolvimento de modelos sustent\u00e1veis para o acesso e uso de energias renov\u00e1veis. S\u00e3o modelos de gera\u00e7\u00e3o [&hellip;]<\/p>\n","protected":false},"author":2,"featured_media":0,"parent":0,"menu_order":0,"comment_status":"closed","ping_status":"closed","template":"","meta":{"footnotes":""},"class_list":["post-239","page","type-page","status-publish","hentry"],"_links":{"self":[{"href":"https:\/\/www.ideaas.org.br\/index.php?rest_route=\/wp\/v2\/pages\/239","targetHints":{"allow":["GET"]}}],"collection":[{"href":"https:\/\/www.ideaas.org.br\/index.php?rest_route=\/wp\/v2\/pages"}],"about":[{"href":"https:\/\/www.ideaas.org.br\/index.php?rest_route=\/wp\/v2\/types\/page"}],"author":[{"embeddable":true,"href":"https:\/\/www.ideaas.org.br\/index.php?rest_route=\/wp\/v2\/users\/2"}],"replies":[{"embeddable":true,"href":"https:\/\/www.ideaas.org.br\/index.php?rest_route=%2Fwp%2Fv2%2Fcomments&post=239"}],"version-history":[{"count":7,"href":"https:\/\/www.ideaas.org.br\/index.php?rest_route=\/wp\/v2\/pages\/239\/revisions"}],"predecessor-version":[{"id":550,"href":"https:\/\/www.ideaas.org.br\/index.php?rest_route=\/wp\/v2\/pages\/239\/revisions\/550"}],"wp:attachment":[{"href":"https:\/\/www.ideaas.org.br\/index.php?rest_route=%2Fwp%2Fv2%2Fmedia&parent=239"}],"curies":[{"name":"wp","href":"https:\/\/api.w.org\/{rel}","templated":true}]}}