{"id":12,"date":"2016-06-19T23:34:29","date_gmt":"2016-06-20T02:34:29","guid":{"rendered":"http:\/\/www.ideaas.org.br\/?page_id=12"},"modified":"2020-01-06T18:16:14","modified_gmt":"2020-01-06T21:16:14","slug":"historico","status":"publish","type":"page","link":"https:\/\/www.ideaas.org.br\/?page_id=12","title":{"rendered":"Hist\u00f3rico"},"content":{"rendered":"<p>Desde 1997, o IDEAAS\u00a0atua na \u00e1rea de acesso \u00e0 energia e de usos produtivos da energia para promo\u00e7\u00e3o do desenvolvimento sustent\u00e1vel. Algumas das experi\u00eancias mais relevantes s\u00e3o apresentadas abaixo:<\/p>\n<table style=\"padding: 10px; border: 0px; height: 1720px;\" width=\"705\">\n<tbody>\n<tr>\n<td width=\"85\">2015 &#8211; 2020<\/td>\n<td width=\"482\">Implementa\u00e7\u00e3o do Projeto Luz para uma Vida Melhor\/ <strong><em>The Light for a Better Life Project<\/em><\/strong><em>, <\/em>C.S. Mott Foundation.<\/td>\n<\/tr>\n<tr>\n<td width=\"85\">2019 &#8211; 2020<\/td>\n<td width=\"482\">Implementa\u00e7\u00e3o do <strong>Ilumina Parais\u00f3polis,<\/strong> Projeto da Signify Foundation que tem como objeto aumentar a seguran\u00e7a e bem-estar por meio da ilumina\u00e7\u00e3o de vias p\u00fablicas e de espa\u00e7os comunit\u00e1rios no bairro de Parais\u00f3polis em S\u00e3o Paulo.<\/td>\n<\/tr>\n<tr>\n<td width=\"85\">2019<\/td>\n<td width=\"482\"><strong>Projeto Bailique Solar<\/strong>\u00a0para instala\u00e7\u00e3o de freezers solares em comunidades do Arquip\u00e9lago do Bailique, Macap\u00e1 &#8211; AP. Projeto do Greenpeace Brasil.<\/td>\n<\/tr>\n<tr>\n<td width=\"85\">2015 &#8211; 2016<\/td>\n<td width=\"482\"><strong>Transfer\u00eancia de modelos t\u00e9cnicos, capacita\u00e7\u00e3o e atividades de treinamento sobre gera\u00e7\u00e3o distribu\u00edda<\/strong> para o Governo de Honduras. Projeto do acordo de coopera\u00e7\u00e3o com a RENOVE &#8211; Rede Nacional de Organiza\u00e7\u00f5es da Sociedade Civil para as Energias Renov\u00e1veis (Acordo de Coopera\u00e7\u00e3o Trilateral Brasil \u2013 Honduras \u2013 EUA)<\/td>\n<\/tr>\n<tr>\n<td width=\"85\">2015 &#8211; 2016<\/td>\n<td width=\"482\"><strong>Implementa\u00e7\u00e3o do <\/strong>Projeto <strong>Condom\u00ednio do Sol Brilhante<\/strong>, Banco Inter-americano de Desenvolvimento. Pr\u00eamio BID Ideias Inovadoras em Energia \u00a0&#8211; 2014 (<strong><em>Innovative Ideas in Energy Award<\/em>)<\/strong><\/td>\n<\/tr>\n<tr>\n<td width=\"85\">2015 &#8211; 2017<\/td>\n<td width=\"482\">Coordena\u00e7\u00e3o do Programa Latinoamericano <strong>Ilumina tu Vida<\/strong>, parceria entre Banco Inter-Americano de Desenvolvimento e Philips com foco na ilumina\u00e7\u00e3o com energia solar em centros comunit\u00e1rios do M\u00e9xico, Peru, Brasil e Col\u00f4mbia.<\/td>\n<\/tr>\n<tr>\n<td width=\"85\">2013 &#8211; 2014<\/td>\n<td width=\"482\"><strong>Coordena\u00e7\u00e3o <\/strong>do \u201cPrograma Latinoamericano Ilumina tu Juego\u201d, Philips.<\/td>\n<\/tr>\n<tr>\n<td width=\"85\">2011 &#8211; 2012<\/td>\n<td width=\"482\"><strong>Coordena\u00e7\u00e3o<\/strong> &#8211; desenvolvimento do plano de neg\u00f3cios &#8220;Amazonian Renewable Energy Company&#8221;. Pr\u00eamio concedido pelo REEEP, <em>Renewable Energy and Energy Efficiency Partnership. Vienna, Austria.<\/em><\/td>\n<\/tr>\n<tr>\n<td width=\"85\">2009 &#8211; 2012<\/td>\n<td width=\"482\"><strong>Coordena\u00e7\u00e3o &#8211;<\/strong> Programa USAID &#8220;Clean Energy Consortium&#8221;, que incluiu projeto &#8220;Luz para uma Vida Melhor&#8221; \u2013 Fase I<\/td>\n<\/tr>\n<tr>\n<td width=\"85\">2009 &#8211; 2010<\/td>\n<td width=\"482\"><strong>Consultoria para ACNUR<\/strong> (Alto Comissariado\u00a0das\u00a0Na\u00e7\u00f5es Unidas\u00a0para os Refugiados) e EDP (Energias de Portugal) para provis\u00e3o de servi\u00e7os energ\u00e9ticos por meio de energias renov\u00e1veis no campo de refugiados de Kaluma, Qu\u00eania.<\/td>\n<\/tr>\n<tr>\n<td width=\"85\">2007 &#8211; 2010<\/td>\n<td width=\"482\"><strong>Concep\u00e7\u00e3o, implementa\u00e7\u00e3o e coordena\u00e7\u00e3o &#8211;<\/strong> Projeto<strong> &#8220;<\/strong>Farol do Sol&#8221;. Substitui\u00e7\u00e3o de l\u00e2mpadas g\u00e1s por l\u00e2mpadas com energia solar nas comunidades de pescadores artesanais da Lagoa dos Patos, Rio Grande do Sul, Brasil. Vencedor do pr\u00eamio \u201cIDEAS&#8221; do BID (Banco Inter Americano de Desenvolvimento)<\/td>\n<\/tr>\n<tr>\n<td width=\"85\">2007 &#8211; 2011<\/td>\n<td width=\"482\"><strong>Implementa\u00e7\u00e3o <\/strong>&#8211; &#8220;Centro de Aprendizagem para Energias Renov\u00e1veis e Gera\u00e7\u00e3o Descentralizada&#8221;.REEEP (<em>Renewable Energy\u00a0 and Energy Efficiency <\/em><em>Partnership)<\/em><\/p>\n<p>Viena, \u00c1ustria e IDEAAS &#8211; Porto Alegre, Brasil<\/td>\n<\/tr>\n<tr>\n<td width=\"85\">2006 &#8211; 2007<\/td>\n<td width=\"482\"><strong>Implementa\u00e7\u00e3o &#8211; <\/strong>&#8220;Divulga\u00e7\u00e3o de Modelos de Neg\u00f3cios e Gest\u00e3o em Gera\u00e7\u00e3o Distribu\u00edda para Utilit\u00e1rios El\u00e9tricos no Escopo do Programa Luz para Todos &#8211; Brasil. ESMAP \/ Banco Mundial e <em>Winrock International<\/em><\/td>\n<\/tr>\n<tr>\n<td width=\"85\">2005 &#8211; 2006<\/td>\n<td width=\"482\"><strong>Consultoria &#8211; <\/strong>Minist\u00e9rio das Minas e Energia &#8211; Governo do Brasil, Projeto BRA 99 &#8211; 011 (PNUD &#8211; Programa das Na\u00e7\u00f5es Unidas para o Desenvolvimento). Assist\u00eancia T\u00e9cnica e Operacional ao projeto pioneiro &#8220;Ilha do Algod\u00e3o&#8221; sobre energia solar isolada Sistemas dom\u00e9sticos, Paraty, Rio de Janeiro &#8211; Programa Luz para Todos \u2013 Minist\u00e9rio de Minas e Energia \u2013 Governo do Brasil<\/td>\n<\/tr>\n<tr>\n<td width=\"85\">2005 &#8211; 2006<\/td>\n<td width=\"482\"><strong>Gerenciamento &#8211; <\/strong>Projeto &#8220;Desenvolvimento de um modelo de tecnologia e neg\u00f3cios para o uso sustent\u00e1vel da energia solar fotovoltaica por popula\u00e7\u00f5es isoladas e de baixa renda na Amaz\u00f4nia brasileira&#8221;. <em>Lemelson Foundation (<\/em>EUA), IDEAAS (Rio Grande do Sul, Brasil), Projeto Sa\u00fade e Alegria, (Amazonas, Brasil)<\/td>\n<\/tr>\n<tr>\n<td width=\"85\">2004 &#8211; 2005<\/td>\n<td width=\"482\"><strong>Consultoria &#8211; <\/strong>Programa de Energia, USAID (Ag\u00eancia dos Estados Unidos para o Desenvolvimento Internacional): desenvolvimento de um modelo de gest\u00e3o e agente de mercado para o uso de sistemas solares fotovoltaicos no contexto do Programa Luz para Todos na regi\u00e3o Nordeste do Brasil.<\/td>\n<\/tr>\n<tr>\n<td width=\"85\">2001<\/td>\n<td width=\"482\"><strong>Concep\u00e7\u00e3o e Gerenciamento: <\/strong>Projeto \u201cO Sol Brilha para Todos \u2013 Projeto Luz Agora\u201d \u2013 Modelo de Neg\u00f3cios e Servi\u00e7os Energ\u00e9ticos com Energia Solar para \u00c2mbar Florestal e FLOPAL LTDA \u2013 Rio Grande, RS, Brasil.<\/td>\n<\/tr>\n<\/tbody>\n<\/table>\n<p>&nbsp;<\/p>\n","protected":false},"excerpt":{"rendered":"<p>Desde 1997, o IDEAAS\u00a0atua na \u00e1rea de acesso \u00e0 energia e de usos produtivos da energia para promo\u00e7\u00e3o do desenvolvimento sustent\u00e1vel. Algumas das experi\u00eancias mais relevantes s\u00e3o apresentadas abaixo: 2015 &#8211; 2020 Implementa\u00e7\u00e3o do Projeto Luz para uma Vida Melhor\/ The Light for a Better Life Project, C.S. Mott Foundation. 2019 &#8211; 2020 Implementa\u00e7\u00e3o do [&hellip;]<\/p>\n","protected":false},"author":1,"featured_media":0,"parent":0,"menu_order":0,"comment_status":"closed","ping_status":"closed","template":"","meta":{"footnotes":""},"class_list":["post-12","page","type-page","status-publish","hentry"],"_links":{"self":[{"href":"https:\/\/www.ideaas.org.br\/index.php?rest_route=\/wp\/v2\/pages\/12","targetHints":{"allow":["GET"]}}],"collection":[{"href":"https:\/\/www.ideaas.org.br\/index.php?rest_route=\/wp\/v2\/pages"}],"about":[{"href":"https:\/\/www.ideaas.org.br\/index.php?rest_route=\/wp\/v2\/types\/page"}],"author":[{"embeddable":true,"href":"https:\/\/www.ideaas.org.br\/index.php?rest_route=\/wp\/v2\/users\/1"}],"replies":[{"embeddable":true,"href":"https:\/\/www.ideaas.org.br\/index.php?rest_route=%2Fwp%2Fv2%2Fcomments&post=12"}],"version-history":[{"count":15,"href":"https:\/\/www.ideaas.org.br\/index.php?rest_route=\/wp\/v2\/pages\/12\/revisions"}],"predecessor-version":[{"id":549,"href":"https:\/\/www.ideaas.org.br\/index.php?rest_route=\/wp\/v2\/pages\/12\/revisions\/549"}],"wp:attachment":[{"href":"https:\/\/www.ideaas.org.br\/index.php?rest_route=%2Fwp%2Fv2%2Fmedia&parent=12"}],"curies":[{"name":"wp","href":"https:\/\/api.w.org\/{rel}","templated":true}]}}